{"id":12,"date":"2017-01-09T11:41:09","date_gmt":"2017-01-09T10:41:09","guid":{"rendered":"http:\/\/www.thueringer-sportaemter.de\/cms\/?page_id=12"},"modified":"2025-05-26T07:11:53","modified_gmt":"2025-05-26T05:11:53","slug":"impressum","status":"publish","type":"page","link":"https:\/\/www.thueringer-sportaemter.de\/cms\/index.php\/impressum\/","title":{"rendered":"Impressum \/ Anbieterinformation"},"content":{"rendered":"<h4>Anschrift:<\/h4>\n<p><strong>Th\u00fcringer Sport\u00e4mterKonferenz<\/strong><br \/>\nc\/o Stadtverwaltung Jena \/ Vanessa Baum <br \/>\nAm Anger 28 <br \/>\n07743 Jena<br \/>\nTel.: 03641\/ 49 2767<\/p>\n<p>E-Mail: vanessa.baum@jena.de <br \/>\nInternet: <a href=\"https:\/\/sport.jena.de\/de\">https:\/\/sport.jena.de\/de<\/a><\/p>\n<h4>Verantwortlicher i. S. d. \u00a76 Abs. 2 MStV<\/h4>\n<p>Frau Vanessa Baum (Anschrift siehe oben)<\/p>\n<h4>Verantwortlich i.S.d. \u00a7 18 Abs. 2 MStV<\/h4>\n<p>Frau Vanessa Baum (Anschrift siehe oben)<\/p>\n<h4>Urheberrecht:<\/h4>\n<p>Alle Rechte vorbehalten. Alle Texte, Bilder, Grafiken, Ton-, Video- und Animationsdateien sowie deren Anordnung auf unseren Internet-Seiten unterliegen dem Schutz des Urheberrechts und anderer Gesetze zum Schutz geistigen Eigentums. Der Inhalt unserer Internet-Seiten darf nicht zu kommerziellen Zwecken kopiert, verbreitet, ver\u00e4ndert, verwendet oder Dritten zug\u00e4nglich gemacht werden. Einige unserer Internet-Seiten enthalten au\u00dferdem Texte, Bilder und Grafiken, die dem Urheberrecht Dritter unterliegen.<\/p>\n","protected":false},"excerpt":{"rendered":"<p>Anschrift: Th\u00fcringer Sport\u00e4mterKonferenz c\/o Stadtverwaltung Jena \/ Vanessa Baum Am Anger 28 07743 Jena Tel.: 03641\/ 49 2767 E-Mail: vanessa.baum@jena.de Internet: https:\/\/sport.jena.de\/de Verantwortlicher i. S. d. \u00a76 Abs. 2 MStV &#8230;<\/p>\n","protected":false},"author":2,"featured_media":0,"parent":0,"menu_order":0,"comment_status":"closed","ping_status":"closed","template":"","meta":{"footnotes":""},"class_list":["post-12","page","type-page","status-publish","hentry"],"_links":{"self":[{"href":"https:\/\/www.thueringer-sportaemter.de\/cms\/index.php\/wp-json\/wp\/v2\/pages\/12"}],"collection":[{"href":"https:\/\/www.thueringer-sportaemter.de\/cms\/index.php\/wp-json\/wp\/v2\/pages"}],"about":[{"href":"https:\/\/www.thueringer-sportaemter.de\/cms\/index.php\/wp-json\/wp\/v2\/types\/page"}],"author":[{"embeddable":true,"href":"https:\/\/www.thueringer-sportaemter.de\/cms\/index.php\/wp-json\/wp\/v2\/users\/2"}],"replies":[{"embeddable":true,"href":"https:\/\/www.thueringer-sportaemter.de\/cms\/index.php\/wp-json\/wp\/v2\/comments?post=12"}],"version-history":[{"count":7,"href":"https:\/\/www.thueringer-sportaemter.de\/cms\/index.php\/wp-json\/wp\/v2\/pages\/12\/revisions"}],"predecessor-version":[{"id":1486,"href":"https:\/\/www.thueringer-sportaemter.de\/cms\/index.php\/wp-json\/wp\/v2\/pages\/12\/revisions\/1486"}],"wp:attachment":[{"href":"https:\/\/www.thueringer-sportaemter.de\/cms\/index.php\/wp-json\/wp\/v2\/media?parent=12"}],"curies":[{"name":"wp","href":"https:\/\/api.w.org\/{rel}","templated":true}]}}