{"id":102,"date":"2017-01-10T17:25:28","date_gmt":"2017-01-10T16:25:28","guid":{"rendered":"http:\/\/www.thueringer-sportaemter.de\/cms\/?page_id=102"},"modified":"2017-12-28T07:38:19","modified_gmt":"2017-12-28T06:38:19","slug":"aufgaben-der-thueringer-sportaemterkonferenz","status":"publish","type":"page","link":"https:\/\/www.thueringer-sportaemter.de\/cms\/index.php\/aufgaben-der-thueringer-sportaemterkonferenz\/","title":{"rendered":"Aufgaben der Th\u00fcringer Sport\u00e4mterkonferenz:"},"content":{"rendered":"<ul>\n<li>Die Th\u00fcringer Sport\u00e4mterkonferenz (ThS\u00c4K) wurde 1991 in Weimar gegr\u00fcndet und hat ihren Sitz\u00a0am jeweiligen Ort der Gesch\u00e4ftsstelle, die mit dem Dienstort des gew\u00e4hlten Vorsitzenden identisch\u00a0ist.<\/li>\n<li>Die ThS\u00c4K ist die Interessenvereinigung der f\u00fcr die Verwaltung und Entwicklung des organisierten\u00a0und nicht organisierten Sports verantwortlichen Mitarbeiter von St\u00e4dten, Gemeinden und Landkreisen, sowie Betrieben und Gesellschaften mit kommunaler Beteiligung in Th\u00fcringen, die den\u00a0Sport f\u00f6rdern oder Sportst\u00e4tten und\/oder B\u00e4der betreiben.<\/li>\n<li>Die ThS\u00c4K f\u00f6rdert die fachliche Fortbildung der in Abs. 2 genannten Mitglieder. Sie ist f\u00fcr den Informations- und Erfahrungsaustausch in Th\u00fcringen zust\u00e4ndig und greift Themen auf, die aus\u00a0sportfachlicher Sicht von Interesse sind. Dazu geh\u00f6ren z.B. die Sportentwicklungsplanung, die\u00a0Sportst\u00e4ttenplanung, der Sportst\u00e4ttenbau und die Sportst\u00e4ttenunterhaltung, Sport und Umwelt, generelle Fragen, die in Zusammenhang mit dem B\u00e4derbetrieb stehen, Entwicklungstendenzen in der kommunalen Sportf\u00f6rderung und anderes mehr.<\/li>\n<li>Sie pflegt zur F\u00f6rderung des Sports in seinen Teilbereichen die Zusammenarbeit mit den kommunalen Spitzenverb\u00e4nden den Kommunikations- und Informationsaustausch zwischen den St\u00e4dten, Gemeinden, Gemeindeverb\u00e4nden und Landkreisen.<\/li>\n<li>Die ThS\u00c4K arbeitet eng zusammen mit der Sportwirtschaft und der Sportindustrie und ist deren sach- und fachkundiger Gespr\u00e4chs- und Beratungspartner.<\/li>\n<li>Die ThS\u00c4K dient ausschlie\u00dflich und unmittelbar gemeinn\u00fctzigen Zwecken<\/li>\n<li>Der Zweck ist die F\u00f6rderung des Sports.<\/li>\n<li>Die ThS\u00c4K ist selbstlos t\u00e4tig.<\/li>\n<\/ul>\n","protected":false},"excerpt":{"rendered":"<p>Die Th\u00fcringer Sport\u00e4mterkonferenz (ThS\u00c4K) wurde 1991 in Weimar gegr\u00fcndet und hat ihren Sitz\u00a0am jeweiligen Ort der Gesch\u00e4ftsstelle, die mit dem Dienstort des gew\u00e4hlten Vorsitzenden identisch\u00a0ist. Die ThS\u00c4K ist die Interessenvereinigung &#8230;<\/p>\n","protected":false},"author":2,"featured_media":0,"parent":0,"menu_order":0,"comment_status":"closed","ping_status":"closed","template":"","meta":{"footnotes":""},"class_list":["post-102","page","type-page","status-publish","hentry"],"_links":{"self":[{"href":"https:\/\/www.thueringer-sportaemter.de\/cms\/index.php\/wp-json\/wp\/v2\/pages\/102"}],"collection":[{"href":"https:\/\/www.thueringer-sportaemter.de\/cms\/index.php\/wp-json\/wp\/v2\/pages"}],"about":[{"href":"https:\/\/www.thueringer-sportaemter.de\/cms\/index.php\/wp-json\/wp\/v2\/types\/page"}],"author":[{"embeddable":true,"href":"https:\/\/www.thueringer-sportaemter.de\/cms\/index.php\/wp-json\/wp\/v2\/users\/2"}],"replies":[{"embeddable":true,"href":"https:\/\/www.thueringer-sportaemter.de\/cms\/index.php\/wp-json\/wp\/v2\/comments?post=102"}],"version-history":[{"count":3,"href":"https:\/\/www.thueringer-sportaemter.de\/cms\/index.php\/wp-json\/wp\/v2\/pages\/102\/revisions"}],"predecessor-version":[{"id":146,"href":"https:\/\/www.thueringer-sportaemter.de\/cms\/index.php\/wp-json\/wp\/v2\/pages\/102\/revisions\/146"}],"wp:attachment":[{"href":"https:\/\/www.thueringer-sportaemter.de\/cms\/index.php\/wp-json\/wp\/v2\/media?parent=102"}],"curies":[{"name":"wp","href":"https:\/\/api.w.org\/{rel}","templated":true}]}}